{"id":15887,"date":"2018-05-25T18:58:36","date_gmt":"2018-05-25T16:58:36","guid":{"rendered":"http:\/\/www.circular-farming-2030.org\/?page_id=15887"},"modified":"2019-12-17T12:21:34","modified_gmt":"2019-12-17T11:21:34","slug":"dsgvo","status":"publish","type":"page","link":"https:\/\/www.circular-farming.eu\/?page_id=15887","title":{"rendered":"Datenschutzerkl\u00e4rung"},"content":{"rendered":"<section class=\"legal\">\n<h3>circular-farming.com ist ein Projekt des Fraunhofer IGB<\/h3>\n<p>Im Rahmen der Nutzung dieser Webseite werden personenbezogene Daten von Ihnen durch uns als den f\u00fcr die Datenverarbeitung Verantwortlichen verarbeitet und f\u00fcr die Dauer gespeichert, die zur Erf\u00fcllung der festgelegten Zwecke und gesetzlicher Verpflichtungen erforderlich ist. Im Folgenden informieren wir Sie dar\u00fcber, um welche Daten es sich dabei handelt, auf welche Weise sie verarbeitet werden und welche Rechte Ihnen diesbez\u00fcglich zustehen.<\/p>\n<p>Personenbezogene Daten sind gem\u00e4\u00df Art. 4 Nr. 1 Datenschutzgrundverordnung (DSGVO) alle Informationen, die sich auf eine identifizierte oder identifizierbare nat\u00fcrliche Person beziehen.<\/p>\n<article class=\"clause\">\n<h3><\/h3>\n<h3 class=\"enum\">Geltungsbereich<\/h3>\n<p>Diese Datenschutzinformationen gelten f\u00fcr die Projekt-Website unter circular-farming-2030.org sofern jeweils auf diese Datenschutzinformation verwiesen wird.<\/p>\n<\/article>\n<article class=\"clause\">\n<h3><\/h3>\n<h3 class=\"enum\">Name und Kontaktdaten des f\u00fcr die Verarbeitung Verantwortlichen sowie des betrieblichen Datenschutzbeauftragten Verantwortlicher im Sinne von Art. 4 Nr. 7 DSGVO:<\/h3>\n<p>Fraunhofer-Gesellschaft zur F\u00f6rderung der angewandten Forschung e.V. Hansastra\u00dfe 27 c, 80686 M\u00fcnchen f\u00fcr ihr Fraunhofer IGB, Nobelstr. 12, 70569 Stuttgart (im Folgenden \u201eFraunhofer-IGB\u201c)<\/p>\n<p>E-Mail: datenschutz@igb.fraunhofer.de Telefon: +49 711 970-4401 Fax: +49 711 970-4200<\/p>\n<p>Der Datenschutzbeauftragte von Fraunhofer ist unter der o.g. Anschrift in M\u00fcnchen, zu Hd. Datenschutzbeauftragter bzw. unter datenschutz@zv.fraunhofer.de erreichbar.<\/p>\n<p>Sie k\u00f6nnen sich jederzeit bei Fragen zum Datenschutzrecht oder Ihren Betroffenenrechten direkt an unseren Datenschutzbeauftragten wenden. Alternativ steht Ihnen unser Ansprechpartner Achim Weber unter datenschutz@igb.fraunhofer.de zur Verf\u00fcgung.<\/p>\n<\/article>\n<article class=\"clause\">\n<h3><\/h3>\n<h3 class=\"enum\">Verarbeitung personenbezogener Daten und Zwecke der Verarbeitung<\/h3>\n<h4 class=\"enum\">Beim Besuch der Webseite<\/h4>\n<p>Sie k\u00f6nnen unsere Webseite aufrufen, ohne Angaben zu Ihrer Identit\u00e4t preisgeben zu m\u00fcssen. Der auf Ihrem Endger\u00e4t eingesetzte Browser sendet lediglich automatisch Informationen an den Server unserer Webseite (z.B. Browsertyp und \u2013version, Datum und Uhrzeit des Zugriffs), um einen Verbindungsaufbau der Webseite zu erm\u00f6glichen. Hierzu geh\u00f6rt auch die IP-Adresse Ihres anfragenden Endger\u00e4tes. Diese wird tempor\u00e4r in einem sog. Logfile gespeichert und nach 30 Tagen automatisch gel\u00f6scht.<\/p>\n<p>Die Verarbeitung der IP-Adresse erfolgt zu technischen und administrativen Zwecken des Verbindungsaufbaus und \u2013stabilit\u00e4t, um die Sicherheit und Funktionsf\u00e4higkeit unserer Webseite zu gew\u00e4hrleisten und etwaige rechtswidrige Angriffe hierauf notfalls verfolgen zu k\u00f6nnen.<\/p>\n<p>Die Rechtsgrundlage f\u00fcr die Verarbeitung der IP-Adresse ist Art. 6 Abs. 1 S. 1 lit. f DSGVO. Unser berechtigtes Interesse folgt aus dem erw\u00e4hnten Sicherheitsinteresse und der Erforderlichkeit einer st\u00f6rungsfreien Bereitstellung unserer Webseite.<\/p>\n<p>Aus der Verarbeitung der IP-Adresse und anderer Information in dem Logfile k\u00f6nnen wir keine unmittelbaren R\u00fcckschl\u00fcsse auf Ihre Identit\u00e4t ziehen.Dar\u00fcber hinaus setzen wir beim Besuch unserer Website Cookies sowie Analysedienste ein. N\u00e4here Erl\u00e4uterungen dazu erhalten Sie unter den Ziffer 4 und 5 dieser Datenschutzinformation.<\/p>\n<h4 class=\"enum\">Bei Anmeldung zu unserem Newsletter<\/h4>\n<p>Sofern Sie nach Art. 6 Abs. 1 S. 1 lit. a DSGVO ausdr\u00fccklich eingewilligt haben, verwenden wir Ihre E-Mail-Adresse daf\u00fcr, Ihnen regelm\u00e4\u00dfig unseren Newsletter zu \u00fcbersenden, der Sie \u00fcber die Arbeit an unserem Institut und zu anderen Einrichtungen und Veranstaltungen des Fraunhofer e.V. informiert.<\/p>\n<p>Nach Ihrer Anmeldung erhalten Sie per E-Mail eine Registrierungsbenachrichtigung, die Sie best\u00e4tigen m\u00fcssen, um den Newsletter zu empfangen (sog. Double Opt-In). Dies dient uns als Nachweis dar\u00fcber, dass die Registrierung tats\u00e4chlich von Ihnen initiiert wurde.<\/p>\n<p>Die Abmeldung ist jederzeit m\u00f6glich, z. B. \u00fcber einen Link am Ende eines jeden Newsletters. Alternativ k\u00f6nnen Sie Ihren Abmeldewunsch gerne auch jederzeit an info@igb.fraunhofer.de senden.<\/p>\n<p>Ihre E-Mail-Adresse wird nach Widerruf Ihrer Einwilligung zur Zusendung Ihres Newsletter umgehend aus unserem Newsletter-Verteiler gel\u00f6scht.<\/p>\n<h4 class=\"enum\">Bei Nutzung von Kontaktformularen<\/h4>\n<p>Wir bieten Ihnen die M\u00f6glichkeit, mit uns \u00fcber ein auf der Webseite bereitgestelltes Formular Kontakt aufzunehmen. Dabei sind die folgenden Angaben als Pflichtangaben erforderlich:<\/p>\n<ul>\n<li>Anrede<\/li>\n<li>Vor- und Nachname und<\/li>\n<li>E-Mail-Adresse.<\/li>\n<\/ul>\n<p>Ihre Daten ben\u00f6tigen wir, um festzustellen von wem die Anfrage stammt und um diese beantworten und bearbeiten zu k\u00f6nnen.<\/p>\n<p>Die Datenverarbeitung erfolgt auf Ihre Anfrage hin und ist im Rahmen der Beantwortung einer Kontaktanfrage auf unsere berechtigten Interessen gem. Art. 6 Abs. 1 S. 1 lit. f DSGVO gest\u00fctzt.<\/p>\n<p>Die f\u00fcr die Benutzung des Kontaktformulars von uns erhobenen personenbezogenen Daten werden nach Erledigung der von Ihnen gestellten Anfrage automatisch gel\u00f6scht.<\/p>\n<\/article>\n<article class=\"clause\">\n<h3><\/h3>\n<h3 class=\"enum\">Weitergabe von personenbezogenen Daten an Dritte<\/h3>\n<p>Wir geben die Sie betreffenden personenbezogenen Daten nur an Dritte weiter, wenn:<\/p>\n<ul>\n<li>Sie gem. Art. 6 Abs. 1 S. 1 lit. a DSGVO Ihre ausdr\u00fcckliche Einwilligung dazu erteilt haben;<\/li>\n<li>dies gem. Art. 6 Abs. 1 S. 1 lit. b DSGVO f\u00fcr die Erf\u00fcllung eines Vertrages mit Ihnen erforderlich ist,<\/li>\n<li>f\u00fcr den Fall, dass f\u00fcr die Weitergabe nach Art. 6 Abs. 1 S. 1 lit. c DSGVO eine gesetzliche Verpflichtung besteht.<\/li>\n<\/ul>\n<p>Die weitergegebenen Daten d\u00fcrfen von dem Dritten ausschlie\u00dflich zu den genannten Zwecken verwendet werden.<\/p>\n<p>Eine \u00dcbermittlung von personenbezogenen Daten an ein Drittland (au\u00dferhalb der EU) oder eine internationale Organisation ist ausgeschlossen.<\/p>\n<\/article>\n<article class=\"clause\">\n<h3><\/h3>\n<h3 class=\"enum\">Cookies<\/h3>\n<p>Wir setzen auf unserer Seite Cookies ein. Hierbei handelt es sich um kleine Dateien, die Ihr Browser automatisch erstellt und die auf Ihrem Endger\u00e4t (Laptop, Tablet, Smartphone o.\u00e4.) gespeichert werden, wenn Sie unsere Seite besuchen. Cookies richten auf Ihrem Endger\u00e4t keinen Schaden an, enthalten keine Viren, Trojaner oder sonstige Schadsoftware.<\/p>\n<p>In dem Cookie werden Informationen abgelegt, die sich jeweils im Zusammenhang mit dem spezifisch eingesetzten Endger\u00e4t ergeben. Dies bedeutet jedoch nicht, dass wir dadurch unmittelbar Kenntnis von Ihrer Identit\u00e4t erhalten.<\/p>\n<p>Der Einsatz von Cookies dient einerseits dazu, die Nutzung unseres Angebots f\u00fcr Sie angenehmer zu gestalten. So setzen wir sogenannte Session-Cookies ein, um zu erkennen, dass Sie einzelne Seiten unserer Website bereits besucht haben.<\/p>\n<p>Dar\u00fcber hinaus setzen wir ebenfalls zur Optimierung der Benutzerfreundlichkeit tempor\u00e4re Cookies ein, die f\u00fcr einen bestimmten festgelegten Zeitraum auf Ihrem Endger\u00e4t gespeichert werden. Besuchen Sie unsere Seite erneut, um unsere Dienste in Anspruch zu nehmen, wird automatisch erkannt, dass Sie bereits bei uns waren und welche Eingaben und Einstellungen sie get\u00e4tigt haben, um diese nicht noch einmal eingeben zu m\u00fcssen.<\/p>\n<p>Zum anderen setzen wir Cookies ein, um die Nutzung unserer Website statistisch zu erfassen und zum Zwecke der Optimierung unseres Angebotes f\u00fcr Sie auszuwerten (siehe Ziffer 6). Diese Cookies erm\u00f6glichen es uns, bei einem erneuten Besuch unserer Seite automatisch zu erkennen, dass Sie bereits bei uns waren. Diese Cookies werden nach einer jeweils definierten Zeit automatisch gel\u00f6scht.<\/p>\n<p>Die durch Cookies verarbeiteten Daten sind f\u00fcr die genannten Zwecke zur Wahrung unserer berechtigten Interessen sowie der Dritter nach Art. 6 Abs. 1 S. 1 lit. f DSGVO erforderlich.Die meisten Browser akzeptieren Cookies automatisch. Sie k\u00f6nnen Ihren Browser jedoch so konfigurieren, dass keine Cookies auf Ihrem Computer gespeichert werden oder stets ein Hinweis erscheint, bevor ein neuer Cookie angelegt wird. Die vollst\u00e4ndige Deaktivierung von Cookies kann jedoch dazu f\u00fchren, dass Sie nicht alle Funktionen unserer Website nutzen k\u00f6nnen.<\/p>\n<\/article>\n<article class=\"clause\">\n<h3><\/h3>\n<h3 class=\"enum\">Webanalyse<\/h3>\n<h4 class=\"enum\">LeadLab (wiredminds GmbH)<\/h4>\n<p>Wir setzen auf unserer Webseite den Dienst Leadlab von der Wiredminds GmbH und deren Z\u00e4hlpixeltechnologie zur Analyse des Nutzungsverhaltens und zur darauf basierenden Optimierung unserer Seite ein. Insbesondere erlaubt uns der Dienst zu erkennen, welche Unternehmen unsere Seite besucht haben. Dabei erhalten wir keine Informationen, die Sie unmittelbar identifizieren.<\/p>\n<p>Im Zusammenhang mit dem Einsatz von Leadlab werden Cookies und Z\u00e4hlpixel eingesetzt, die eine statistische Analyse der Nutzung dieser Website durch Ihre Besuche erm\u00f6glichen. In dem Cookie werden Informationen \u2013 einschlie\u00dflich personenbezogener Informationen -zu Ihrem Besucherverhalten abgelegt und an Wiredminds \u00fcbermittelt oder direkt von Wiredminds erhoben. Die Informationen werden von Wiredminds unter Verwendung eines Pseudonyms in einem Nutzungsprofil zum Zwecke der Analyse verarbeitet und m\u00f6glichst anonymisiert.<\/p>\n<p>Die dabei gewonnenen Daten werden ohne Ihre gesondert erteilte Zustimmung nicht benutzt, um Sie pers\u00f6nlich zu identifizieren und die Daten werden nicht mit personenbezogenen Daten \u00fcber Sie als Tr\u00e4ger des Pseudonyms zusammengef\u00fchrt.<\/p>\n<p>Soweit IP-Adressen erhoben werden, werden diese unverz\u00fcglich nach Erhebung durch L\u00f6schen des letzten Nummernblocks anonymisiert.<\/p>\n<p>Informationen zum Datenschutz bei der Wireminds finden Sie auf deren Webseite.<\/p>\n<p>Die Datenverarbeitung erfolgt auf Grund unseres berechtigten Interesses gem\u00e4\u00df Art. 6 Abs.1 lit. f DSGVO an der Optimierung unseres Online-Angebotes und unseres Webauftritts. Wiredminds verarbeitet die Daten in unserem Auftrag und wir haben einen Auftragsverarbeitungsvertrag mit Wireminds abgeschlossen. Dieser stellt sicher, dass die Datenverarbeitung in unserem Auftrag im Einklang mit der Datenschutzgrundverordnung erfolgt und den Schutz der Rechte der betroffenen Personen gew\u00e4hrleistet.<\/p>\n<p>Sollten Sie die Erfassung und Analyse Ihres Benutzerverhaltens nicht w\u00fcnschen, dann k\u00f6nnen Sie dem mittels eines Opt-Out-Cookies widersprechen. Es wird ein Opt-Out-Cookie gesetzt, das die zuk\u00fcnftige Erfassung Ihrer Daten beim Besuch dieser Webseite verhindert. Der Opt-Out-Cookie gilt nur in diesem Browser und nur f\u00fcr unsere Webseite und wird auf Ihrem Ger\u00e4t abgelegt. L\u00f6schen Sie die Cookies in diesem Browser, m\u00fcssen Sie das Opt-Out-Cookie erneut setzen.<\/p>\n<\/article>\n<article class=\"clause\">\n<h3><\/h3>\n<h3 class=\"enum\">Betroffenenrechte<\/h3>\n<p>Sie haben das Recht:<\/p>\n<ul>\n<li>gem\u00e4\u00df Art. 7 Abs. 3 DSGVO Ihre einmal erteilte Einwilligung jederzeit gegen\u00fcber uns zu widerrufen. Dies hat zur Folge, dass wir die Datenverarbeitung, die auf dieser Einwilligung beruhte, f\u00fcr die Zukunft nicht mehr fortf\u00fchren d\u00fcrfen;<\/li>\n<li>gem\u00e4\u00df Art. 15 DSGVO Auskunft \u00fcber Ihre von uns verarbeiteten personenbezogenen Daten zu verlangen. Insbesondere k\u00f6nnen Sie Auskunft \u00fcber die Verarbeitungszwecke, die Kategorie der personenbezogenen Daten, die Kategorien von Empf\u00e4ngern, gegen\u00fcber denen Ihre Daten offengelegt wurden oder werden, die geplante Speicherdauer, das Bestehen eines Rechts auf Berichtigung, L\u00f6schung, Einschr\u00e4nkung der Verarbeitung oder Widerspruch, das Bestehen eines Beschwerderechts, die Herkunft ihrer Daten, sofern diese nicht bei uns erhoben wurden, sowie \u00fcber das Bestehen einer automatisierten Entscheidungsfindung einschlie\u00dflich Profiling und ggf. aussagekr\u00e4ftigen Informationen zu deren Einzelheiten verlangen;<\/li>\n<li>gem\u00e4\u00df Art. 16 DSGVO unverz\u00fcglich die Berichtigung unrichtiger oder Vervollst\u00e4ndigung Ihrer bei uns gespeicherten personenbezogenen Daten zu verlangen;<\/li>\n<li>gem\u00e4\u00df Art. 17 DSGVO die L\u00f6schung Ihrer bei uns gespeicherten personenbezogenen Daten zu verlangen, soweit nicht die Verarbeitung zur Aus\u00fcbung des Rechts auf freie Meinungs\u00e4u\u00dferung und Information, zur Erf\u00fcllung einer rechtlichen Verpflichtung, aus Gr\u00fcnden des \u00f6ffentlichen Interesses oder zur Geltendmachung, Aus\u00fcbung oder Verteidigung von Rechtsanspr\u00fcchen erforderlich ist;<\/li>\n<li>gem\u00e4\u00df Art. 18 DSGVO die Einschr\u00e4nkung der Verarbeitung Ihrer personenbezogenen Daten zu verlangen, soweit die Richtigkeit der Daten von Ihnen bestritten wird, die Verarbeitung unrechtm\u00e4\u00dfig ist, Sie aber deren L\u00f6schung ablehnen und wir die Daten nicht mehr ben\u00f6tigen, Sie jedoch diese zur Geltendmachung, Aus\u00fcbung oder Verteidigung von Rechtsanspr\u00fcchen ben\u00f6tigen oder Sie gem\u00e4\u00df Art. 21 DSGVO Widerspruch gegen die Verarbeitung eingelegt haben;<\/li>\n<li>gem\u00e4\u00df Art. 20 DSGVO Ihre personenbezogenen Daten, die Sie uns bereitgestellt haben, in einem strukturierten, g\u00e4ngigen und maschinenlesebaren Format zu erhalten oder die \u00dcbermittlung an einen anderen Verantwortlichen zu verlangen und<\/li>\n<li>gem\u00e4\u00df Art. 77 DSGVO sich bei einer Aufsichtsbeh\u00f6rde zu beschweren. In der Regel k\u00f6nnen Sie sich hierf\u00fcr an die Aufsichtsbeh\u00f6rde ihres \u00fcblichen Aufenthaltsortes oder Arbeitsplatzes oder unseres Unternehmenssitzes wenden.<\/li>\n<\/ul>\n<h4>Information \u00fcber Ihr Widerspruchsrecht nach Art. 21 DSGVO<\/h4>\n<p>Sie haben das Recht, aus Gr\u00fcnden, die sich aus Ihrer besonderen Situation ergeben, jederzeit gegen die Verarbeitung Sie betreffender personenbezogener Daten, die aufgrund von Artikel 6 Absatz 1 Buchstabe e DSGVO (Datenverarbeitung im \u00f6ffentlichen Interesse) und Artikel 6 Absatz 1 Buchstabe f DSGVO (Datenverarbeitung auf der Grundlage einer Interessenabw\u00e4gung) erfolgt, Widerspruch einzulegen; dies gilt auch f\u00fcr ein auf diese Bestimmung gest\u00fctztes Profiling von Artikel 4 Nr. 4 DSGVO.<\/p>\n<p>Legen Sie Widerspruch ein, werden wir Ihre personenbezogenen Daten nicht mehr verarbeiten, es sei denn, wir k\u00f6nnen zwingende schutzw\u00fcrdige Gr\u00fcnde f\u00fcr die Verarbeitung nachweisen, die Ihre Interessen, Rechte und Freiheiten \u00fcberwiegen, oder die Verarbeitung dient der Geltendmachung, Aus\u00fcbung oder Verteidigung von Rechtsanspr\u00fcchen.<\/p>\n<p>Sofern sich Ihr Widerspruch gegen eine Verarbeitung von Daten zum Zwecke der Direktwerbung richtet, so werden wir die Verarbeitung umgehend einstellen. In diesem Fall ist die Angabe einer besonderen Situation nicht erforderlich. Dies gilt auch f\u00fcr das Profiling, soweit es mit solcher Direktwerbung in Verbindung steht.<\/p>\n<p>M\u00f6chten Sie von Ihrem Widerspruchsrecht Gebrauch machen, gen\u00fcgt eine E-Mail an datenschutz@zv.fraunhofer.de.<\/p>\n<\/article>\n<article class=\"clause\">\n<h3><\/h3>\n<h3 class=\"enum\">Datensicherheit<\/h3>\n<p>Alle von Ihnen pers\u00f6nlich \u00fcbermittelten Daten werden mit dem allgemein \u00fcblichen und sicheren Standard TLS (Transport Layer Security) verschl\u00fcsselt \u00fcbertragen. TLS ist ein sicherer und erprobter Standard, der z.B. auch beim Onlinebanking Verwendung findet. Sie erkennen eine sichere TLS-Verbindung unter anderem an dem angeh\u00e4ngten s am http (also https:\/\/..) in der Adressleiste Ihres Browsers oder am Schloss-Symbol im unteren Bereich Ihres Browsers.<\/p>\n<p>Wir bedienen uns im \u00dcbrigen geeigneter technischer und organisatorischer Sicherheitsma\u00dfnahmen, um Ihre Daten gegen zuf\u00e4llige oder vors\u00e4tzliche Manipulationen, teilweisen oder vollst\u00e4ndigen Verlust, Zerst\u00f6rung oder gegen den unbefugten Zugriff Dritter zu sch\u00fctzen. Unsere Sicherheitsma\u00dfnahmen werden entsprechend der technologischen Entwicklung fortlaufend verbessert.<\/p>\n<\/article>\n<article class=\"clause\">\n<h3><\/h3>\n<h3 class=\"enum\">Aktualit\u00e4t und \u00c4nderung dieser Datenschutzinformation<\/h3>\n<p>Diese Datenschutzinformation ist aktuell g\u00fcltig und hat den Stand 05\/2018.<\/p>\n<p>Durch die Weiterentwicklung unserer Webseite und Angebote dar\u00fcber oder aufgrund ge\u00e4nderter gesetzlicher bzw. beh\u00f6rdlicher Vorgaben kann es notwendig werden, diese Datenschutzinformation zu \u00e4ndern. Die jeweils aktuelle Datenschutzinformation kann jederzeit auf dieser Webseite von Ihnen abgerufen und ausgedruckt werden.<\/p>\n<\/article>\n<\/section>\n","protected":false},"excerpt":{"rendered":"<p>circular-farming.com ist ein Projekt des Fraunhofer IGB Im Rahmen der Nutzung dieser Webseite werden personenbezogene Daten von Ihnen durch uns als den f\u00fcr die Datenverarbeitung Verantwortlichen verarbeitet und f\u00fcr die Dauer gespeichert, die zur Erf\u00fcllung der festgelegten Zwecke und gesetzlicher Verpflichtungen erforderlich ist. Im Folgenden informieren wir Sie dar\u00fcber, um welche Daten es sich dabei [&hellip;]<\/p>\n","protected":false},"author":1,"featured_media":0,"parent":0,"menu_order":0,"comment_status":"closed","ping_status":"closed","template":"","meta":{"footnotes":""},"_links":{"self":[{"href":"https:\/\/www.circular-farming.eu\/index.php?rest_route=\/wp\/v2\/pages\/15887"}],"collection":[{"href":"https:\/\/www.circular-farming.eu\/index.php?rest_route=\/wp\/v2\/pages"}],"about":[{"href":"https:\/\/www.circular-farming.eu\/index.php?rest_route=\/wp\/v2\/types\/page"}],"author":[{"embeddable":true,"href":"https:\/\/www.circular-farming.eu\/index.php?rest_route=\/wp\/v2\/users\/1"}],"replies":[{"embeddable":true,"href":"https:\/\/www.circular-farming.eu\/index.php?rest_route=%2Fwp%2Fv2%2Fcomments&post=15887"}],"version-history":[{"count":7,"href":"https:\/\/www.circular-farming.eu\/index.php?rest_route=\/wp\/v2\/pages\/15887\/revisions"}],"predecessor-version":[{"id":16089,"href":"https:\/\/www.circular-farming.eu\/index.php?rest_route=\/wp\/v2\/pages\/15887\/revisions\/16089"}],"wp:attachment":[{"href":"https:\/\/www.circular-farming.eu\/index.php?rest_route=%2Fwp%2Fv2%2Fmedia&parent=15887"}],"curies":[{"name":"wp","href":"https:\/\/api.w.org\/{rel}","templated":true}]}}