{"id":15732,"date":"2017-08-25T11:47:22","date_gmt":"2017-08-25T09:47:22","guid":{"rendered":"http:\/\/www.circular-farming-2030.org\/?page_id=15732"},"modified":"2019-12-17T12:07:24","modified_gmt":"2019-12-17T11:07:24","slug":"impressum","status":"publish","type":"page","link":"https:\/\/www.circular-farming.eu\/?page_id=15732","title":{"rendered":"Impressum"},"content":{"rendered":"<p>Circular Farming ist ein vom Fraunhofer-Institut f\u00fcr Grenzfl\u00e4chen- und Bioverfahrenstechnik IGB bearbeitetes Projekt.<\/p>\n<p>Das<br \/>\n<strong>Fraunhofer-Institut f\u00fcr Grenzfl\u00e4chen- und Bioverfahrenstechnik IGB<\/strong><br \/>\nNobelstra\u00dfe 12<br \/>\n70569 Stuttgart<br \/>\nInternet: <a href=\"http:\/\/www.igb.fraunhofer.de\/\">www.igb.fraunhofer.de<\/a><br \/>\nE-Mail: info(at)igb.fraunhofer.de<\/p>\n<p>ist eine rechtlich nicht selbstst\u00e4ndige Einrichtung der<\/p>\n<p><strong>Fraunhofer-Gesellschaft\u00a0<\/strong><br \/>\n<strong>zur F\u00f6rderung der angewandten Forschung e.V.<\/strong><br \/>\nHansastra\u00dfe 27 c<br \/>\n80686 M\u00fcnchen<br \/>\nInternet:\u00a0<a href=\"http:\/\/www.fraunhofer.de\">www.fraunhofer.de<\/a><br \/>\nE-Mail: info(at)zv.fraunhofer.de<br \/>\nTelefon +49 3461 43-9130<\/p>\n<p>Vertreten durch<br \/>\nDipl.-Ing. Siegfried Egner<\/p>\n<p><strong>Impressum der Fraunhofer-Gesellschaft<br \/>\n<\/strong><a href=\"http:\/\/www.fraunhofer.de\/de\/impressum\">www.fraunhofer.de\/de\/impressum<\/a><\/p>\n","protected":false},"excerpt":{"rendered":"<p>Circular Farming ist ein vom Fraunhofer-Institut f\u00fcr Grenzfl\u00e4chen- und Bioverfahrenstechnik IGB bearbeitetes Projekt. Das Fraunhofer-Institut f\u00fcr Grenzfl\u00e4chen- und Bioverfahrenstechnik IGB Nobelstra\u00dfe 12 70569 Stuttgart Internet: www.igb.fraunhofer.de E-Mail: info(at)igb.fraunhofer.de ist eine rechtlich nicht selbstst\u00e4ndige Einrichtung der Fraunhofer-Gesellschaft\u00a0 zur F\u00f6rderung der angewandten Forschung e.V. Hansastra\u00dfe 27 c 80686 M\u00fcnchen Internet:\u00a0www.fraunhofer.de E-Mail: info(at)zv.fraunhofer.de Telefon +49 3461 43-9130 Vertreten [&hellip;]<\/p>\n","protected":false},"author":1,"featured_media":0,"parent":0,"menu_order":0,"comment_status":"closed","ping_status":"closed","template":"","meta":{"footnotes":""},"_links":{"self":[{"href":"https:\/\/www.circular-farming.eu\/index.php?rest_route=\/wp\/v2\/pages\/15732"}],"collection":[{"href":"https:\/\/www.circular-farming.eu\/index.php?rest_route=\/wp\/v2\/pages"}],"about":[{"href":"https:\/\/www.circular-farming.eu\/index.php?rest_route=\/wp\/v2\/types\/page"}],"author":[{"embeddable":true,"href":"https:\/\/www.circular-farming.eu\/index.php?rest_route=\/wp\/v2\/users\/1"}],"replies":[{"embeddable":true,"href":"https:\/\/www.circular-farming.eu\/index.php?rest_route=%2Fwp%2Fv2%2Fcomments&post=15732"}],"version-history":[{"count":10,"href":"https:\/\/www.circular-farming.eu\/index.php?rest_route=\/wp\/v2\/pages\/15732\/revisions"}],"predecessor-version":[{"id":16081,"href":"https:\/\/www.circular-farming.eu\/index.php?rest_route=\/wp\/v2\/pages\/15732\/revisions\/16081"}],"wp:attachment":[{"href":"https:\/\/www.circular-farming.eu\/index.php?rest_route=%2Fwp%2Fv2%2Fmedia&parent=15732"}],"curies":[{"name":"wp","href":"https:\/\/api.w.org\/{rel}","templated":true}]}}